{"id":90,"date":"2019-04-25T13:03:42","date_gmt":"2019-04-25T13:03:42","guid":{"rendered":"http:\/\/leb-tn.de\/?page_id=90"},"modified":"2024-05-02T13:45:15","modified_gmt":"2024-05-02T13:45:15","slug":"unsere-themen-fuer-die-gemeinderatswahl-am-26-05-2019","status":"publish","type":"page","link":"http:\/\/leb-tn.de\/?page_id=90","title":{"rendered":"Unsere Themen"},"content":{"rendered":"\n<p class=\"has-luminous-vivid-orange-color has-text-color\"><strong><em>Unsere Kandidatinnen und Kandidaten<\/em><\/strong><\/p>\n\n\n\n<p class=\"has-background\" style=\"background-color:#d9d9d9\">Unserem Team steht auf Grund pers\u00f6nlicher Erfahrungen und beruflicher Lebensl\u00e4ufe ein breites Fachwissen zur Verf\u00fcgung. Auf dieser Basis wird es uns m\u00f6glich sein, sozial- und wirtschaftspolitische Entscheidungen zu treffen. Als Mitglieder des Gemeinderats und als gew\u00e4hlte Vertreter treffen wir eigenverantwortlich unsere Entscheidungen und werden auch zuk\u00fcnftig nicht durch Fraktionszwang beeinflusst. Gemeinsam werden wir im Team die m\u00f6glichen Varianten besprechen und Pro und Contra diskutieren.<\/p>\n\n\n\n<p class=\"has-luminous-vivid-orange-color has-text-color\"><strong><em>Zukunft unserer Stadt und ihrer Teilorte<\/em><\/strong><\/p>\n\n\n\n<p class=\"has-background\" style=\"background-color:#d9d9d9\">Wir werden weiterhin die Interessen der Stadt Titisee-Neustadt, sei es in den Teilorten oder in der Kernstadt, gleicherma\u00dfen vertreten. Neuen Projekten stehen wir offen und motiviert gegen\u00fcber.<\/p>\n\n\n\n<p class=\"has-luminous-vivid-orange-color has-text-color\"><strong><em>B\u00fcrgern\u00e4he<\/em><\/strong><\/p>\n\n\n\n<p class=\"has-background\" style=\"background-color:#d9d9d9\">Gemeinsam m\u00f6chten wir die Verwaltung zu einem effizienten und serviceorientierten Dienstleistungs-unternehmen weiterentwickeln. Austausch mit allen B\u00fcrgerinnen und B\u00fcrgern ist uns wichtig, deren Anliegen werden von uns ernst genommen und entsprechend behandelt.<\/p>\n\n\n\n<p class=\"has-luminous-vivid-orange-color has-text-color\"><strong><em>Schulen und Bildung<\/em><\/strong><\/p>\n\n\n\n<p class=\"has-background\" style=\"background-color:#d9d9d9\">Wir unterst\u00fctzen die F\u00f6rderung von modernen Lernmethoden. Titisee-Neustadt befindet sich derzeit mitten in der Umsetzung eines Gesamtkonzeptes von Bildungseinrichtungen. Die LEB erhofft sich dadurch eine St\u00e4rkung des Mittelzentrums und somit u. a. Attraktivit\u00e4t f\u00fcr Familien.<\/p>\n\n\n\n<p class=\"has-luminous-vivid-orange-color has-text-color\"><strong><em>Gemeinsam die Zukunft gestalten<\/em><\/strong><\/p>\n\n\n\n<p class=\"has-background\" style=\"background-color:#d9d9d9\">Mit den B\u00fcrgerinnen und B\u00fcrgern gemeinsam m\u00f6chten wir deren Anliegen und die Zukunft gestalten. Dabei werden wir auf die bereits geschaffene Transparenz aufbauen, um einen besseren Einblick in die Arbeit des Gemeinderats zu erm\u00f6glichen.<\/p>\n\n\n\n<p class=\"has-luminous-vivid-orange-color has-text-color has-link-color wp-elements-1f6b14787d4e02d52dfa7e4e1a919a24\"><strong><em>Begegnung und Ehrenamt<\/em><\/strong><\/p>\n\n\n\n<p class=\"has-background\" style=\"background-color:#d9d9d9\">In einer Gemeinde ist es wichtig, Kontakte zu pflegen, gemeinsamen Hobbies nachzugehen, sich sozial zu engagieren und Ehren\u00e4mter wahrzunehmen. Wir werden uns in ganz Titisee-Neustadt f\u00fcr Prober\u00e4ume, Sportst\u00e4tten, Orte der Begegnung und die Bereitstellung der jeweils notwendigen Ausstattung \u2013 vor allem im Bereich des Ehrenamtes \u2013 einsetzen<\/p>\n\n\n\n<p class=\"has-luminous-vivid-orange-color has-text-color\"><strong><em>Infrastruktur<\/em><\/strong><\/p>\n\n\n\n<p class=\"has-background\" style=\"background-color:#d9d9d9\">&#8211; Stra\u00dfenverh\u00e4ltnisse <\/p>\n\n\n\n<p class=\"has-background\" style=\"background-color:#d9d9d9\">&#8211; zukunftsf\u00e4higes Internet<\/p>\n\n\n\n<p class=\"has-background\" style=\"background-color:#d9d9d9\">\u2013 Photovoltaikanlagen auf st\u00e4dtischen Geb\u00e4uden<\/p>\n\n\n\n<p class=\"has-background\" style=\"background-color:#d9d9d9\">\u2013 Ausbau des Nahw\u00e4rmenetzes<\/p>\n\n\n\n<p class=\"has-background\" style=\"background-color:#d9d9d9\">sind nur einige Themen, f\u00fcr die wir uns einsetzen. Bessere Infrastruktur bedeutet mehr Lebensqualit\u00e4t!<\/p>\n\n\n\n<p class=\"has-luminous-vivid-orange-color has-text-color\"><strong><em>Finanzen<\/em><\/strong><\/p>\n\n\n\n<p class=\"has-background\" style=\"background-color:#d9d9d9\">Wir stehen f\u00fcr eine offene und transparente Finanzpolitik. Ohne einen gesunden Haushalt werden wir langfristig als Gemeinde nicht attraktiv sein. Wir haben kein Einnahmen-problem, sondern m\u00fcssen unsere Ausgaben st\u00e4rker an unseren strategischen Zielen orientieren. Dauerhafte Zuschussbetriebe m\u00fcssen kontinuierlich \u00fcberpr\u00fcft werden und transparent sein. Sie d\u00fcrfen nur aufgrund eines \u00fcbergeordneten Zieles im Sinne des Gemeindewohls erfolgen.<\/p>\n","protected":false},"excerpt":{"rendered":"<p>Unsere Kandidatinnen und Kandidaten Unserem Team steht auf Grund pers\u00f6nlicher Erfahrungen und beruflicher Lebensl\u00e4ufe ein breites Fachwissen zur Verf\u00fcgung. Auf dieser Basis wird es uns m\u00f6glich sein, sozial- und wirtschaftspolitische Entscheidungen zu treffen. Als Mitglieder des Gemeinderats und als gew\u00e4hlte Vertreter treffen wir eigenverantwortlich unsere Entscheidungen und werden auch zuk\u00fcnftig nicht durch Fraktionszwang beeinflusst. Gemeinsam &hellip; <\/p>\n<p class=\"link-more\"><a href=\"http:\/\/leb-tn.de\/?page_id=90\" class=\"more-link\"><span class=\"screen-reader-text\">\u201eUnsere Themen\u201c<\/span> weiterlesen<\/a><\/p>\n","protected":false},"author":3,"featured_media":0,"parent":0,"menu_order":0,"comment_status":"closed","ping_status":"closed","template":"","meta":{"_bbp_topic_count":0,"_bbp_reply_count":0,"_bbp_total_topic_count":0,"_bbp_total_reply_count":0,"_bbp_voice_count":0,"_bbp_anonymous_reply_count":0,"_bbp_topic_count_hidden":0,"_bbp_reply_count_hidden":0,"_bbp_forum_subforum_count":0,"footnotes":""},"_links":{"self":[{"href":"http:\/\/leb-tn.de\/index.php?rest_route=\/wp\/v2\/pages\/90"}],"collection":[{"href":"http:\/\/leb-tn.de\/index.php?rest_route=\/wp\/v2\/pages"}],"about":[{"href":"http:\/\/leb-tn.de\/index.php?rest_route=\/wp\/v2\/types\/page"}],"author":[{"embeddable":true,"href":"http:\/\/leb-tn.de\/index.php?rest_route=\/wp\/v2\/users\/3"}],"replies":[{"embeddable":true,"href":"http:\/\/leb-tn.de\/index.php?rest_route=%2Fwp%2Fv2%2Fcomments&post=90"}],"version-history":[{"count":5,"href":"http:\/\/leb-tn.de\/index.php?rest_route=\/wp\/v2\/pages\/90\/revisions"}],"predecessor-version":[{"id":258,"href":"http:\/\/leb-tn.de\/index.php?rest_route=\/wp\/v2\/pages\/90\/revisions\/258"}],"wp:attachment":[{"href":"http:\/\/leb-tn.de\/index.php?rest_route=%2Fwp%2Fv2%2Fmedia&parent=90"}],"curies":[{"name":"wp","href":"https:\/\/api.w.org\/{rel}","templated":true}]}}